{"id":303,"date":"2025-05-23T02:54:08","date_gmt":"2025-05-23T00:54:08","guid":{"rendered":"https:\/\/dona.latinoamerica21.com\/?page_id=303"},"modified":"2025-08-01T18:21:45","modified_gmt":"2025-08-01T16:21:45","slug":"accesibilidad","status":"publish","type":"page","link":"https:\/\/dona.latinoamerica21.com\/?page_id=303","title":{"rendered":"Accesibilidad"},"content":{"rendered":"\t\t<div data-elementor-type=\"wp-page\" data-elementor-id=\"303\" class=\"elementor elementor-303\">\n\t\t\t\t\t\t<section class=\"elementor-section elementor-top-section elementor-element elementor-element-3a7bd2f4 elementor-section-boxed elementor-section-height-default elementor-section-height-default\" data-id=\"3a7bd2f4\" data-element_type=\"section\" data-settings=\"{&quot;background_background&quot;:&quot;classic&quot;,&quot;background_motion_fx_motion_fx_scrolling&quot;:&quot;yes&quot;,&quot;background_motion_fx_translateY_effect&quot;:&quot;yes&quot;,&quot;background_motion_fx_translateY_speed&quot;:{&quot;unit&quot;:&quot;px&quot;,&quot;size&quot;:4,&quot;sizes&quot;:[]},&quot;background_motion_fx_translateY_affectedRange&quot;:{&quot;unit&quot;:&quot;%&quot;,&quot;size&quot;:&quot;&quot;,&quot;sizes&quot;:{&quot;start&quot;:0,&quot;end&quot;:100}},&quot;background_motion_fx_devices&quot;:[&quot;desktop&quot;,&quot;tablet&quot;,&quot;mobile&quot;]}\">\n\t\t\t\t\t\t\t<div class=\"elementor-background-overlay\"><\/div>\n\t\t\t\t\t\t\t<div class=\"elementor-container elementor-column-gap-default\">\n\t\t\t\t\t<div class=\"elementor-column elementor-col-100 elementor-top-column elementor-element elementor-element-20426a59\" data-id=\"20426a59\" data-element_type=\"column\">\n\t\t\t<div class=\"elementor-widget-wrap elementor-element-populated\">\n\t\t\t\t\t\t<div class=\"elementor-element elementor-element-15df4131 animated-slow elementor-widget-tablet__width-initial elementor-widget__width-initial elementor-invisible elementor-widget elementor-widget-heading\" data-id=\"15df4131\" data-element_type=\"widget\" data-settings=\"{&quot;_animation&quot;:&quot;fadeIn&quot;}\" data-widget_type=\"heading.default\">\n\t\t\t\t<div class=\"elementor-widget-container\">\n\t\t\t\t\t<h1 class=\"elementor-heading-title elementor-size-default\">Accesibilidad<\/h1>\t\t\t\t<\/div>\n\t\t\t\t<\/div>\n\t\t\t\t<div class=\"elementor-element elementor-element-78c7aab elementor-widget-divider--view-line elementor-invisible elementor-widget elementor-widget-divider\" data-id=\"78c7aab\" data-element_type=\"widget\" data-settings=\"{&quot;_animation&quot;:&quot;fadeIn&quot;,&quot;_animation_delay&quot;:150}\" data-widget_type=\"divider.default\">\n\t\t\t\t<div class=\"elementor-widget-container\">\n\t\t\t\t\t\t\t<div class=\"elementor-divider\">\n\t\t\t<span class=\"elementor-divider-separator\">\n\t\t\t\t\t\t<\/span>\n\t\t<\/div>\n\t\t\t\t\t\t<\/div>\n\t\t\t\t<\/div>\n\t\t\t\t\t<\/div>\n\t\t<\/div>\n\t\t\t\t\t<\/div>\n\t\t<\/section>\n\t\t\t\t<section class=\"elementor-section elementor-top-section elementor-element elementor-element-6cb9b5da elementor-section-boxed elementor-section-height-default elementor-section-height-default\" data-id=\"6cb9b5da\" data-element_type=\"section\" data-settings=\"{&quot;background_background&quot;:&quot;classic&quot;}\">\n\t\t\t\t\t\t<div class=\"elementor-container elementor-column-gap-default\">\n\t\t\t\t\t<div class=\"elementor-column elementor-col-100 elementor-top-column elementor-element elementor-element-274ab7d9\" data-id=\"274ab7d9\" data-element_type=\"column\">\n\t\t\t<div class=\"elementor-widget-wrap elementor-element-populated\">\n\t\t\t\t\t\t<div class=\"elementor-element elementor-element-8d7505a elementor-widget__width-inherit elementor-widget elementor-widget-text-editor\" data-id=\"8d7505a\" data-element_type=\"widget\" data-widget_type=\"text-editor.default\">\n\t\t\t\t<div class=\"elementor-widget-container\">\n\t\t\t\t\t\t\t\t\t<p><span style=\"font-weight: 400;\">Latinoamerica21 SL y Angelo Attanasio<\/span> <span style=\"font-weight: 400;\">se han comprometido a hacer accesible su sitio web, de conformidad con RD 1112\/2018.<\/span><span style=\"font-weight: 400;\"><br \/><\/span><span style=\"font-weight: 400;\">La presente declaraci\u00f3n de accesibilidad se aplica en el sitio web <\/span><b>Dona.latinoamerica21.com<\/b><\/p><h2><b>Situaci\u00f3n de cumplimiento<\/b><\/h2><p><span style=\"font-weight: 400;\">Este sitio web es plenamente acorde con RD 1112\/2018.<\/span><\/p><h2><b>Preparaci\u00f3n de la presente declaraci\u00f3n de accesibilidad<\/b><\/h2><p><span style=\"font-weight: 400;\">La presente declaraci\u00f3n fue preparada el 31 de julio de 2025.<\/span><span style=\"font-weight: 400;\"><br \/><\/span><span style=\"font-weight: 400;\">Una autoevaluaci\u00f3n llevada a cabo por el desarrollador web.<\/span><span style=\"font-weight: 400;\"><br \/><\/span><span style=\"font-weight: 400;\">\u00daltima revisi\u00f3n de la declaraci\u00f3n: 31 de julio de 2025.<\/span><\/p><h2><b>Observaciones y datos de contacto<\/b><\/h2><p><span style=\"font-weight: 400;\">Comunicaciones sobre requisitos de accesibilidad: mecanismo de comunicaci\u00f3n a utilizar para informar a <\/span><span style=\"font-weight: 400;\">Angelo Attanasio<\/span> <span style=\"font-weight: 400;\">de cualquier incumplimiento de los requisitos de accesibilidad y solicitar informaci\u00f3n y contenido excluidos del \u00e1mbito de la aplicaci\u00f3n de la Directiva: <\/span><span style=\"font-weight: 400;\">angelo.attanasio@hotmail.com<\/span><\/p><p>\u00a0<\/p><h2><b>Procedimiento de aplicaci\u00f3n<\/b><\/h2><p><span style=\"font-weight: 400;\">Procedimiento de reclamaci\u00f3n: El procedimiento de aplicaci\u00f3n al que deber\u00e1 recurrirse en caso de que la respuesta a la notificaci\u00f3n o la solicitud sea insatisfactoria, de conformidad con el art\u00edculo 7, apartado 1, letra b), de la Directiva, es contactando al mail <\/span><span style=\"font-weight: 400;\">angelo.attanasio@hotmail.com<\/span><\/p>\t\t\t\t\t\t\t\t<\/div>\n\t\t\t\t<\/div>\n\t\t\t\t\t<\/div>\n\t\t<\/div>\n\t\t\t\t\t<\/div>\n\t\t<\/section>\n\t\t\t\t<\/div>\n\t\t","protected":false},"excerpt":{"rendered":"<p>Accesibilidad Latinoamerica21 SL y Angelo Attanasio se han comprometido a hacer accesible su sitio web, de conformidad con RD 1112\/2018.La presente declaraci\u00f3n de accesibilidad se aplica en el sitio web Dona.latinoamerica21.com Situaci\u00f3n de cumplimiento Este sitio web es plenamente acorde con RD 1112\/2018. Preparaci\u00f3n de la presente declaraci\u00f3n de accesibilidad La presente declaraci\u00f3n fue preparada [&hellip;]<\/p>\n","protected":false},"author":1,"featured_media":86,"parent":0,"menu_order":0,"comment_status":"closed","ping_status":"closed","template":"","meta":{"footnotes":""},"class_list":["post-303","page","type-page","status-publish","has-post-thumbnail","hentry"],"_links":{"self":[{"href":"https:\/\/dona.latinoamerica21.com\/index.php?rest_route=\/wp\/v2\/pages\/303","targetHints":{"allow":["GET"]}}],"collection":[{"href":"https:\/\/dona.latinoamerica21.com\/index.php?rest_route=\/wp\/v2\/pages"}],"about":[{"href":"https:\/\/dona.latinoamerica21.com\/index.php?rest_route=\/wp\/v2\/types\/page"}],"author":[{"embeddable":true,"href":"https:\/\/dona.latinoamerica21.com\/index.php?rest_route=\/wp\/v2\/users\/1"}],"replies":[{"embeddable":true,"href":"https:\/\/dona.latinoamerica21.com\/index.php?rest_route=%2Fwp%2Fv2%2Fcomments&post=303"}],"version-history":[{"count":7,"href":"https:\/\/dona.latinoamerica21.com\/index.php?rest_route=\/wp\/v2\/pages\/303\/revisions"}],"predecessor-version":[{"id":537,"href":"https:\/\/dona.latinoamerica21.com\/index.php?rest_route=\/wp\/v2\/pages\/303\/revisions\/537"}],"wp:featuredmedia":[{"embeddable":true,"href":"https:\/\/dona.latinoamerica21.com\/index.php?rest_route=\/wp\/v2\/media\/86"}],"wp:attachment":[{"href":"https:\/\/dona.latinoamerica21.com\/index.php?rest_route=%2Fwp%2Fv2%2Fmedia&parent=303"}],"curies":[{"name":"wp","href":"https:\/\/api.w.org\/{rel}","templated":true}]}}