{"id":226,"date":"2025-05-19T22:24:58","date_gmt":"2025-05-19T20:24:58","guid":{"rendered":"https:\/\/dona.latinoamerica21.com\/?page_id=226"},"modified":"2025-06-26T16:32:53","modified_gmt":"2025-06-26T14:32:53","slug":"donaciones","status":"publish","type":"page","link":"https:\/\/dona.latinoamerica21.com\/?page_id=226","title":{"rendered":"Donaciones"},"content":{"rendered":"\t\t<div data-elementor-type=\"wp-page\" data-elementor-id=\"226\" class=\"elementor elementor-226\">\n\t\t\t\t\t\t<section class=\"elementor-section elementor-top-section elementor-element elementor-element-6cb9b5da elementor-section-boxed elementor-section-height-default elementor-section-height-default\" data-id=\"6cb9b5da\" data-element_type=\"section\" data-settings=\"{&quot;background_background&quot;:&quot;classic&quot;}\">\n\t\t\t\t\t\t<div class=\"elementor-container elementor-column-gap-default\">\n\t\t\t\t\t<div class=\"elementor-column elementor-col-50 elementor-top-column elementor-element elementor-element-274ab7d9\" data-id=\"274ab7d9\" data-element_type=\"column\">\n\t\t\t<div class=\"elementor-widget-wrap elementor-element-populated\">\n\t\t\t\t\t\t<div class=\"elementor-element elementor-element-f9a72f7 elementor-view-default elementor-widget elementor-widget-icon\" data-id=\"f9a72f7\" data-element_type=\"widget\" data-widget_type=\"icon.default\">\n\t\t\t\t<div class=\"elementor-widget-container\">\n\t\t\t\t\t\t\t<div class=\"elementor-icon-wrapper\">\n\t\t\t<div class=\"elementor-icon\">\n\t\t\t<i aria-hidden=\"true\" class=\"fas fa-hand-holding-usd\"><\/i>\t\t\t<\/div>\n\t\t<\/div>\n\t\t\t\t\t\t<\/div>\n\t\t\t\t<\/div>\n\t\t\t\t<div class=\"elementor-element elementor-element-dc476be estimates_h2 elementor-widget__width-inherit elementor-widget elementor-widget-heading\" data-id=\"dc476be\" data-element_type=\"widget\" data-widget_type=\"heading.default\">\n\t\t\t\t<div class=\"elementor-widget-container\">\n\t\t\t\t\t<h2 class=\"elementor-heading-title elementor-size-default\">Elige cu\u00e1nto quieres donar<\/h2>\t\t\t\t<\/div>\n\t\t\t\t<\/div>\n\t\t\t\t<div class=\"elementor-element elementor-element-7218494e elementor-widget-divider--view-line elementor-widget elementor-widget-divider\" data-id=\"7218494e\" data-element_type=\"widget\" data-widget_type=\"divider.default\">\n\t\t\t\t<div class=\"elementor-widget-container\">\n\t\t\t\t\t\t\t<div class=\"elementor-divider\">\n\t\t\t<span class=\"elementor-divider-separator\">\n\t\t\t\t\t\t<\/span>\n\t\t<\/div>\n\t\t\t\t\t\t<\/div>\n\t\t\t\t<\/div>\n\t\t\t\t<div class=\"elementor-element elementor-element-7e8e20e elementor-widget__width-initial elementor-widget elementor-widget-text-editor\" data-id=\"7e8e20e\" data-element_type=\"widget\" data-widget_type=\"text-editor.default\">\n\t\t\t\t<div class=\"elementor-widget-container\">\n\t\t\t\t\t\t\t\t\t<h4 style=\"margin-bottom: 20px;\">Donaci\u00f3n puntual: <span style=\"font-size: 16px;\">(\u00danica vez)<\/span><\/h4>\n<a style=\"padding: 0 10px; font-weight: 900; color: #ff6619;\" href=\"https:\/\/buy.stripe.com\/fZu8wQemU0v99wc9gh00000\" target=\"_blank\" rel=\"noopener\">5\u20ac<\/a> <a style=\"padding: 0 10px; font-weight: 900; color: #ff6619;\" href=\"https:\/\/buy.stripe.com\/9B614o1A83Hl37O0JL00002\" target=\"_blank\" rel=\"noopener\">10\u20ac<\/a> <a style=\"padding: 0 10px; font-weight: 900; color: #ff6619;\" href=\"https:\/\/buy.stripe.com\/cNi3cw4Mka5JgYEeAB00004\" target=\"_blank\" rel=\"noopener\">25\u20ac<\/a>\t\t\t\t\t\t\t\t<\/div>\n\t\t\t\t<\/div>\n\t\t\t\t<div class=\"elementor-element elementor-element-59281c9 elementor-widget-divider--view-line elementor-widget elementor-widget-divider\" data-id=\"59281c9\" data-element_type=\"widget\" data-widget_type=\"divider.default\">\n\t\t\t\t<div class=\"elementor-widget-container\">\n\t\t\t\t\t\t\t<div class=\"elementor-divider\">\n\t\t\t<span class=\"elementor-divider-separator\">\n\t\t\t\t\t\t<\/span>\n\t\t<\/div>\n\t\t\t\t\t\t<\/div>\n\t\t\t\t<\/div>\n\t\t\t\t<div class=\"elementor-element elementor-element-573ebe6 elementor-widget__width-initial elementor-widget elementor-widget-text-editor\" data-id=\"573ebe6\" data-element_type=\"widget\" data-widget_type=\"text-editor.default\">\n\t\t\t\t<div class=\"elementor-widget-container\">\n\t\t\t\t\t\t\t\t\t<h4 style=\"margin-bottom: 20px;\">Donaci\u00f3n mensual: <span style=\"font-size: 16px;\">(Una vez al mes)<\/span><\/h4>\n<a style=\"padding: 0 10px; font-weight: 900; color: #ff6619;\" href=\"https:\/\/buy.stripe.com\/6oU6oI2Ec6TxeQwgIJ00001\" target=\"_blank\" rel=\"noopener\">5\u20ac<\/a> <a style=\"padding: 0 10px; font-weight: 900; color: #ff6619;\" href=\"https:\/\/buy.stripe.com\/dRm9AU6Usa5JaAggIJ00003\" target=\"_blank\" rel=\"noopener\">10\u20ac<\/a> <a style=\"padding: 0 10px; font-weight: 900; color: #ff6619;\" href=\"https:\/\/buy.stripe.com\/7sYaEY1A8gu7bEkcst00005\" target=\"_blank\" rel=\"noopener\">25\u20ac<\/a>\t\t\t\t\t\t\t\t<\/div>\n\t\t\t\t<\/div>\n\t\t\t\t\t<\/div>\n\t\t<\/div>\n\t\t\t\t<div class=\"elementor-column elementor-col-50 elementor-top-column elementor-element elementor-element-66f65cf4\" data-id=\"66f65cf4\" data-element_type=\"column\" data-settings=\"{&quot;background_background&quot;:&quot;classic&quot;}\">\n\t\t\t<div class=\"elementor-widget-wrap elementor-element-populated\">\n\t\t\t\t\t\t<div class=\"elementor-element elementor-element-68ca6c4 estimates_h2 elementor-widget__width-inherit elementor-widget elementor-widget-heading\" data-id=\"68ca6c4\" data-element_type=\"widget\" data-widget_type=\"heading.default\">\n\t\t\t\t<div class=\"elementor-widget-container\">\n\t\t\t\t\t<h2 class=\"elementor-heading-title elementor-size-default\">Tu aportaci\u00f3n marca la diferencia<\/h2>\t\t\t\t<\/div>\n\t\t\t\t<\/div>\n\t\t\t\t<div class=\"elementor-element elementor-element-36ff183f elementor-view-default elementor-widget elementor-widget-icon\" data-id=\"36ff183f\" data-element_type=\"widget\" data-widget_type=\"icon.default\">\n\t\t\t\t<div class=\"elementor-widget-container\">\n\t\t\t\t\t\t\t<div class=\"elementor-icon-wrapper\">\n\t\t\t<div class=\"elementor-icon\">\n\t\t\t<i aria-hidden=\"true\" class=\"fas fa-donate\"><\/i>\t\t\t<\/div>\n\t\t<\/div>\n\t\t\t\t\t\t<\/div>\n\t\t\t\t<\/div>\n\t\t\t\t<div class=\"elementor-element elementor-element-1ba8df92 elementor-widget__width-initial elementor-widget elementor-widget-text-editor\" data-id=\"1ba8df92\" data-element_type=\"widget\" data-widget_type=\"text-editor.default\">\n\t\t\t\t<div class=\"elementor-widget-container\">\n\t\t\t\t\t\t\t\t\t<p><span style=\"font-weight: 400;\">Tu contribuci\u00f3n, incluso si es peque\u00f1a, tiene un gran impacto. Nos ayudar\u00e1 a producir m\u00e1s contenido de calidad, a llegar a m\u00e1s lectores y a seguir difundiendo an\u00e1lisis basados en evidencia, elaborados por quienes m\u00e1s saben.<\/span><\/p>\t\t\t\t\t\t\t\t<\/div>\n\t\t\t\t<\/div>\n\t\t\t\t<div class=\"elementor-element elementor-element-4eca7065 elementor-widget elementor-widget-image\" data-id=\"4eca7065\" data-element_type=\"widget\" data-widget_type=\"image.default\">\n\t\t\t\t<div class=\"elementor-widget-container\">\n\t\t\t\t\t\t\t\t\t\t\t\t\t\t\t<img fetchpriority=\"high\" decoding=\"async\" width=\"800\" height=\"933\" src=\"https:\/\/dona.latinoamerica21.com\/wp-content\/uploads\/2025\/06\/1-878x1024.jpg\" class=\"attachment-large size-large wp-image-365\" alt=\"\" srcset=\"https:\/\/dona.latinoamerica21.com\/wp-content\/uploads\/2025\/06\/1-878x1024.jpg 878w, https:\/\/dona.latinoamerica21.com\/wp-content\/uploads\/2025\/06\/1-600x700.jpg 600w, https:\/\/dona.latinoamerica21.com\/wp-content\/uploads\/2025\/06\/1-257x300.jpg 257w, https:\/\/dona.latinoamerica21.com\/wp-content\/uploads\/2025\/06\/1-768x896.jpg 768w, https:\/\/dona.latinoamerica21.com\/wp-content\/uploads\/2025\/06\/1.jpg 1200w\" sizes=\"(max-width: 800px) 100vw, 800px\" \/>\t\t\t\t\t\t\t\t\t\t\t\t\t\t\t<\/div>\n\t\t\t\t<\/div>\n\t\t\t\t\t<\/div>\n\t\t<\/div>\n\t\t\t\t\t<\/div>\n\t\t<\/section>\n\t\t\t\t<\/div>\n\t\t","protected":false},"excerpt":{"rendered":"<p>Elige cu\u00e1nto quieres donar Donaci\u00f3n puntual: (\u00danica vez) 5\u20ac 10\u20ac 25\u20ac Donaci\u00f3n mensual: (Una vez al mes) 5\u20ac 10\u20ac 25\u20ac Tu aportaci\u00f3n marca la diferencia Tu contribuci\u00f3n, incluso si es peque\u00f1a, tiene un gran impacto. Nos ayudar\u00e1 a producir m\u00e1s contenido de calidad, a llegar a m\u00e1s lectores y a seguir difundiendo an\u00e1lisis basados en [&hellip;]<\/p>\n","protected":false},"author":1,"featured_media":86,"parent":0,"menu_order":0,"comment_status":"closed","ping_status":"closed","template":"","meta":{"footnotes":""},"class_list":["post-226","page","type-page","status-publish","has-post-thumbnail","hentry"],"_links":{"self":[{"href":"https:\/\/dona.latinoamerica21.com\/index.php?rest_route=\/wp\/v2\/pages\/226","targetHints":{"allow":["GET"]}}],"collection":[{"href":"https:\/\/dona.latinoamerica21.com\/index.php?rest_route=\/wp\/v2\/pages"}],"about":[{"href":"https:\/\/dona.latinoamerica21.com\/index.php?rest_route=\/wp\/v2\/types\/page"}],"author":[{"embeddable":true,"href":"https:\/\/dona.latinoamerica21.com\/index.php?rest_route=\/wp\/v2\/users\/1"}],"replies":[{"embeddable":true,"href":"https:\/\/dona.latinoamerica21.com\/index.php?rest_route=%2Fwp%2Fv2%2Fcomments&post=226"}],"version-history":[{"count":16,"href":"https:\/\/dona.latinoamerica21.com\/index.php?rest_route=\/wp\/v2\/pages\/226\/revisions"}],"predecessor-version":[{"id":479,"href":"https:\/\/dona.latinoamerica21.com\/index.php?rest_route=\/wp\/v2\/pages\/226\/revisions\/479"}],"wp:featuredmedia":[{"embeddable":true,"href":"https:\/\/dona.latinoamerica21.com\/index.php?rest_route=\/wp\/v2\/media\/86"}],"wp:attachment":[{"href":"https:\/\/dona.latinoamerica21.com\/index.php?rest_route=%2Fwp%2Fv2%2Fmedia&parent=226"}],"curies":[{"name":"wp","href":"https:\/\/api.w.org\/{rel}","templated":true}]}}