{"id":220,"date":"2025-05-19T22:25:14","date_gmt":"2025-05-19T20:25:14","guid":{"rendered":"https:\/\/dona.latinoamerica21.com\/?page_id=220"},"modified":"2025-09-24T16:10:00","modified_gmt":"2025-09-24T14:10:00","slug":"home-2","status":"publish","type":"page","link":"https:\/\/dona.latinoamerica21.com\/","title":{"rendered":"Home"},"content":{"rendered":"\t\t<div data-elementor-type=\"wp-page\" data-elementor-id=\"220\" class=\"elementor elementor-220\">\n\t\t\t\t\t\t<section class=\"elementor-section elementor-top-section elementor-element elementor-element-7e2e41a9 elementor-section-boxed elementor-section-height-default elementor-section-height-default\" data-id=\"7e2e41a9\" data-element_type=\"section\" data-settings=\"{&quot;background_background&quot;:&quot;classic&quot;}\">\n\t\t\t\t\t\t<div class=\"elementor-container elementor-column-gap-default\">\n\t\t\t\t\t<div class=\"elementor-column elementor-col-50 elementor-top-column elementor-element elementor-element-6a19f8ee\" data-id=\"6a19f8ee\" data-element_type=\"column\">\n\t\t\t<div class=\"elementor-widget-wrap elementor-element-populated\">\n\t\t\t\t\t\t<div class=\"elementor-element elementor-element-5c57fedc elementor-view-default elementor-widget elementor-widget-icon\" data-id=\"5c57fedc\" data-element_type=\"widget\" data-widget_type=\"icon.default\">\n\t\t\t\t<div class=\"elementor-widget-container\">\n\t\t\t\t\t\t\t<div class=\"elementor-icon-wrapper\">\n\t\t\t<div class=\"elementor-icon\">\n\t\t\t<i aria-hidden=\"true\" class=\"fas fa-hand-holding-usd\"><\/i>\t\t\t<\/div>\n\t\t<\/div>\n\t\t\t\t\t\t<\/div>\n\t\t\t\t<\/div>\n\t\t\t\t<div class=\"elementor-element elementor-element-e316162 estimates_h2 elementor-widget__width-inherit elementor-widget elementor-widget-heading\" data-id=\"e316162\" data-element_type=\"widget\" data-widget_type=\"heading.default\">\n\t\t\t\t<div class=\"elementor-widget-container\">\n\t\t\t\t\t<h2 class=\"elementor-heading-title elementor-size-default\">Elige cu\u00e1nto quieres donar<\/h2>\t\t\t\t<\/div>\n\t\t\t\t<\/div>\n\t\t\t\t<div class=\"elementor-element elementor-element-238ffa8c elementor-widget-divider--view-line elementor-widget elementor-widget-divider\" data-id=\"238ffa8c\" data-element_type=\"widget\" data-widget_type=\"divider.default\">\n\t\t\t\t<div class=\"elementor-widget-container\">\n\t\t\t\t\t\t\t<div class=\"elementor-divider\">\n\t\t\t<span class=\"elementor-divider-separator\">\n\t\t\t\t\t\t<\/span>\n\t\t<\/div>\n\t\t\t\t\t\t<\/div>\n\t\t\t\t<\/div>\n\t\t\t\t<div class=\"elementor-element elementor-element-b6c888d elementor-widget__width-initial elementor-widget elementor-widget-text-editor\" data-id=\"b6c888d\" data-element_type=\"widget\" data-widget_type=\"text-editor.default\">\n\t\t\t\t<div class=\"elementor-widget-container\">\n\t\t\t\t\t\t\t\t\t<h4 style=\"margin-bottom: 20px;\">Donaci\u00f3n puntual: <span style=\"font-size: 16px;\">(\u00danica vez)<\/span><\/h4>\n<a style=\"padding: 0 10px; font-weight: 900; color: #000;\" href=\"https:\/\/buy.stripe.com\/fZu8wQemU0v99wc9gh00000\" target=\"_blank\" rel=\"noopener\">5\u20ac<\/a> <a style=\"padding: 0 10px; font-weight: 900; color: #000;\" href=\"https:\/\/buy.stripe.com\/9B614o1A83Hl37O0JL00002\" target=\"_blank\" rel=\"noopener\">10\u20ac<\/a> <a style=\"padding: 0 10px; font-weight: 900; color: #000;\" href=\"https:\/\/buy.stripe.com\/cNi3cw4Mka5JgYEeAB00004\" target=\"_blank\" rel=\"noopener\">25\u20ac<\/a>\t\t\t\t\t\t\t\t<\/div>\n\t\t\t\t<\/div>\n\t\t\t\t<div class=\"elementor-element elementor-element-ce9cbcf elementor-widget-divider--view-line elementor-widget elementor-widget-divider\" data-id=\"ce9cbcf\" data-element_type=\"widget\" data-widget_type=\"divider.default\">\n\t\t\t\t<div class=\"elementor-widget-container\">\n\t\t\t\t\t\t\t<div class=\"elementor-divider\">\n\t\t\t<span class=\"elementor-divider-separator\">\n\t\t\t\t\t\t<\/span>\n\t\t<\/div>\n\t\t\t\t\t\t<\/div>\n\t\t\t\t<\/div>\n\t\t\t\t<div class=\"elementor-element elementor-element-27f8686a elementor-widget__width-initial elementor-widget elementor-widget-text-editor\" data-id=\"27f8686a\" data-element_type=\"widget\" data-widget_type=\"text-editor.default\">\n\t\t\t\t<div class=\"elementor-widget-container\">\n\t\t\t\t\t\t\t\t\t<h4 style=\"margin-bottom: 20px;\">Donaci\u00f3n mensual: <span style=\"font-size: 16px;\">(Una vez al mes)<\/span><\/h4>\n<a style=\"padding: 0 10px; font-weight: 900; color: #000;\" href=\"https:\/\/buy.stripe.com\/6oU6oI2Ec6TxeQwgIJ00001\" target=\"_blank\" rel=\"noopener\">5\u20ac<\/a> <a style=\"padding: 0 10px; font-weight: 900; color: #000;\" href=\"https:\/\/buy.stripe.com\/dRm9AU6Usa5JaAggIJ00003\" target=\"_blank\" rel=\"noopener\">10\u20ac<\/a> <a style=\"padding: 0 10px; font-weight: 900; color: #000;\" href=\"https:\/\/buy.stripe.com\/7sYaEY1A8gu7bEkcst00005\" target=\"_blank\" rel=\"noopener\">25\u20ac<\/a>\t\t\t\t\t\t\t\t<\/div>\n\t\t\t\t<\/div>\n\t\t\t\t\t<\/div>\n\t\t<\/div>\n\t\t\t\t<div class=\"elementor-column elementor-col-50 elementor-top-column elementor-element elementor-element-71f086e3\" data-id=\"71f086e3\" data-element_type=\"column\" data-settings=\"{&quot;background_background&quot;:&quot;classic&quot;}\">\n\t\t\t<div class=\"elementor-widget-wrap elementor-element-populated\">\n\t\t\t\t\t\t<div class=\"elementor-element elementor-element-3c2e3ef estimates_h2 elementor-widget__width-inherit elementor-widget elementor-widget-heading\" data-id=\"3c2e3ef\" data-element_type=\"widget\" data-widget_type=\"heading.default\">\n\t\t\t\t<div class=\"elementor-widget-container\">\n\t\t\t\t\t<h2 class=\"elementor-heading-title elementor-size-default\">Ay\u00fadanos a construir una sociedad mejor informada<\/h2>\t\t\t\t<\/div>\n\t\t\t\t<\/div>\n\t\t\t\t<div class=\"elementor-element elementor-element-178653e3 elementor-view-default elementor-widget elementor-widget-icon\" data-id=\"178653e3\" data-element_type=\"widget\" data-widget_type=\"icon.default\">\n\t\t\t\t<div class=\"elementor-widget-container\">\n\t\t\t\t\t\t\t<div class=\"elementor-icon-wrapper\">\n\t\t\t<div class=\"elementor-icon\">\n\t\t\t<i aria-hidden=\"true\" class=\"fas fa-donate\"><\/i>\t\t\t<\/div>\n\t\t<\/div>\n\t\t\t\t\t\t<\/div>\n\t\t\t\t<\/div>\n\t\t\t\t<div class=\"elementor-element elementor-element-6fde9f30 elementor-widget__width-initial elementor-widget elementor-widget-text-editor\" data-id=\"6fde9f30\" data-element_type=\"widget\" data-widget_type=\"text-editor.default\">\n\t\t\t\t<div class=\"elementor-widget-container\">\n\t\t\t\t\t\t\t\t\t<p><span style=\"font-weight: 400; font-size: 21px; line-height: 31px;\">Tu contribuci\u00f3n, incluso si es peque\u00f1a, tiene un gran impacto. Nos ayudar\u00e1 a producir m\u00e1s contenido de calidad, a llegar a m\u00e1s lectores y a seguir difundiendo an\u00e1lisis basados en evidencia, elaborados por quienes m\u00e1s saben.<\/span><\/p>\t\t\t\t\t\t\t\t<\/div>\n\t\t\t\t<\/div>\n\t\t\t\t<div class=\"elementor-element elementor-element-4190b196 elementor-widget elementor-widget-image\" data-id=\"4190b196\" data-element_type=\"widget\" data-widget_type=\"image.default\">\n\t\t\t\t<div class=\"elementor-widget-container\">\n\t\t\t\t\t\t\t\t\t\t\t\t\t\t\t<img fetchpriority=\"high\" decoding=\"async\" width=\"800\" height=\"933\" src=\"https:\/\/dona.latinoamerica21.com\/wp-content\/uploads\/2025\/06\/1-878x1024.jpg\" class=\"attachment-large size-large wp-image-365\" alt=\"\" srcset=\"https:\/\/dona.latinoamerica21.com\/wp-content\/uploads\/2025\/06\/1-878x1024.jpg 878w, https:\/\/dona.latinoamerica21.com\/wp-content\/uploads\/2025\/06\/1-600x700.jpg 600w, https:\/\/dona.latinoamerica21.com\/wp-content\/uploads\/2025\/06\/1-257x300.jpg 257w, https:\/\/dona.latinoamerica21.com\/wp-content\/uploads\/2025\/06\/1-768x896.jpg 768w, https:\/\/dona.latinoamerica21.com\/wp-content\/uploads\/2025\/06\/1.jpg 1200w\" sizes=\"(max-width: 800px) 100vw, 800px\" \/>\t\t\t\t\t\t\t\t\t\t\t\t\t\t\t<\/div>\n\t\t\t\t<\/div>\n\t\t\t\t\t<\/div>\n\t\t<\/div>\n\t\t\t\t\t<\/div>\n\t\t<\/section>\n\t\t\t\t<section class=\"elementor-section elementor-top-section elementor-element elementor-element-6cb9b5da elementor-section-boxed elementor-section-height-default elementor-section-height-default\" data-id=\"6cb9b5da\" data-element_type=\"section\">\n\t\t\t\t\t\t<div class=\"elementor-container elementor-column-gap-default\">\n\t\t\t\t\t<div class=\"elementor-column elementor-col-50 elementor-top-column elementor-element elementor-element-274ab7d9\" data-id=\"274ab7d9\" data-element_type=\"column\">\n\t\t\t<div class=\"elementor-widget-wrap elementor-element-populated\">\n\t\t\t\t\t\t<div class=\"elementor-element elementor-element-f9a72f7 elementor-view-default elementor-widget elementor-widget-icon\" data-id=\"f9a72f7\" data-element_type=\"widget\" data-widget_type=\"icon.default\">\n\t\t\t\t<div class=\"elementor-widget-container\">\n\t\t\t\t\t\t\t<div class=\"elementor-icon-wrapper\">\n\t\t\t<div class=\"elementor-icon\">\n\t\t\t<i aria-hidden=\"true\" class=\"far fa-newspaper\"><\/i>\t\t\t<\/div>\n\t\t<\/div>\n\t\t\t\t\t\t<\/div>\n\t\t\t\t<\/div>\n\t\t\t\t<div class=\"elementor-element elementor-element-dc476be estimates_h2 elementor-widget__width-inherit elementor-widget elementor-widget-heading\" data-id=\"dc476be\" data-element_type=\"widget\" data-widget_type=\"heading.default\">\n\t\t\t\t<div class=\"elementor-widget-container\">\n\t\t\t\t\t<h2 class=\"elementor-heading-title elementor-size-default\">\u00bfPor qu\u00e9 apoyar a Latinoam\u00e9rica21?<\/h2>\t\t\t\t<\/div>\n\t\t\t\t<\/div>\n\t\t\t\t<div class=\"elementor-element elementor-element-7218494e elementor-widget-divider--view-line elementor-widget elementor-widget-divider\" data-id=\"7218494e\" data-element_type=\"widget\" data-widget_type=\"divider.default\">\n\t\t\t\t<div class=\"elementor-widget-container\">\n\t\t\t\t\t\t\t<div class=\"elementor-divider\">\n\t\t\t<span class=\"elementor-divider-separator\">\n\t\t\t\t\t\t<\/span>\n\t\t<\/div>\n\t\t\t\t\t\t<\/div>\n\t\t\t\t<\/div>\n\t\t\t\t<div class=\"elementor-element elementor-element-8d7505a elementor-widget__width-initial elementor-widget elementor-widget-text-editor\" data-id=\"8d7505a\" data-element_type=\"widget\" data-widget_type=\"text-editor.default\">\n\t\t\t\t<div class=\"elementor-widget-container\">\n\t\t\t\t\t\t\t\t\t<p><b>Latinoam\u00e9rica21<\/b><span style=\"font-weight: 400;\"> tiene una misi\u00f3n clara: <\/span><b>divulgar conocimiento experto, plural y accesible para fortalecer la democracia y el di\u00e1logo en Am\u00e9rica Latina<\/b><span style=\"font-weight: 400;\">. Nuestros art\u00edculos son gratuitos, abiertos y est\u00e1n escritos por acad\u00e9micos acreditados de toda la regi\u00f3n.<\/span><\/p><p><span style=\"font-weight: 400;\">Hoy, m\u00e1s que nunca, necesitamos pensamiento cr\u00edtico para entender la actualidad y enfrentar la desinformaci\u00f3n. Por esto, <\/span><b>apostamos por el an\u00e1lisis riguroso, el debate informado y el pensamiento plural<\/b><span style=\"font-weight: 400;\">.\u00a0<\/span><\/p><p><span style=\"font-weight: 400;\">En <\/span><b>Latinoam\u00e9rica21<\/b><span style=\"font-weight: 400;\"> creemos que compartir el saber es una de las herramientas m\u00e1s poderosas para defender la verdad y fortalecer nuestras democracias. Por eso, todos nuestros art\u00edculos son <\/span><b>gratuitos<\/b><span style=\"font-weight: 400;\"> y de <\/span><b>libre acceso<\/b><span style=\"font-weight: 400;\">.<\/span><\/p>\t\t\t\t\t\t\t\t<\/div>\n\t\t\t\t<\/div>\n\t\t\t\t<div class=\"elementor-element elementor-element-9fbf5c0 elementor-widget__width-inherit elementor-align-left elementor-mobile-align-justify elementor-widget-mobile__width-inherit elementor-invisible elementor-widget elementor-widget-button\" data-id=\"9fbf5c0\" data-element_type=\"widget\" data-settings=\"{&quot;_animation&quot;:&quot;fadeInUp&quot;}\" data-widget_type=\"button.default\">\n\t\t\t\t<div class=\"elementor-widget-container\">\n\t\t\t\t\t\t\t\t\t<div class=\"elementor-button-wrapper\">\n\t\t\t\t\t<a class=\"elementor-button elementor-button-link elementor-size-sm\" href=\"\/?page_id=226\">\n\t\t\t\t\t\t<span class=\"elementor-button-content-wrapper\">\n\t\t\t\t\t\t\t\t\t<span class=\"elementor-button-text\">S\u00famate a Latinoam\u00e9rica21<\/span>\n\t\t\t\t\t<\/span>\n\t\t\t\t\t<\/a>\n\t\t\t\t<\/div>\n\t\t\t\t\t\t\t\t<\/div>\n\t\t\t\t<\/div>\n\t\t\t\t\t<\/div>\n\t\t<\/div>\n\t\t\t\t<div class=\"elementor-column elementor-col-50 elementor-top-column elementor-element elementor-element-66f65cf4\" data-id=\"66f65cf4\" data-element_type=\"column\">\n\t\t\t<div class=\"elementor-widget-wrap elementor-element-populated\">\n\t\t\t\t\t\t<div class=\"elementor-element elementor-element-4eca7065 elementor-widget elementor-widget-image\" data-id=\"4eca7065\" data-element_type=\"widget\" data-widget_type=\"image.default\">\n\t\t\t\t<div class=\"elementor-widget-container\">\n\t\t\t\t\t\t\t\t\t\t\t\t\t\t\t<img decoding=\"async\" width=\"680\" height=\"1024\" src=\"https:\/\/dona.latinoamerica21.com\/wp-content\/uploads\/2025\/05\/coffee-568968_1920-680x1024.jpg\" class=\"attachment-large size-large wp-image-94\" alt=\"\" srcset=\"https:\/\/dona.latinoamerica21.com\/wp-content\/uploads\/2025\/05\/coffee-568968_1920-680x1024.jpg 680w, https:\/\/dona.latinoamerica21.com\/wp-content\/uploads\/2025\/05\/coffee-568968_1920-600x904.jpg 600w, https:\/\/dona.latinoamerica21.com\/wp-content\/uploads\/2025\/05\/coffee-568968_1920-199x300.jpg 199w, https:\/\/dona.latinoamerica21.com\/wp-content\/uploads\/2025\/05\/coffee-568968_1920-768x1157.jpg 768w, https:\/\/dona.latinoamerica21.com\/wp-content\/uploads\/2025\/05\/coffee-568968_1920-1020x1536.jpg 1020w, https:\/\/dona.latinoamerica21.com\/wp-content\/uploads\/2025\/05\/coffee-568968_1920.jpg 1275w\" sizes=\"(max-width: 680px) 100vw, 680px\" \/>\t\t\t\t\t\t\t\t\t\t\t\t\t\t\t<\/div>\n\t\t\t\t<\/div>\n\t\t\t\t\t<\/div>\n\t\t<\/div>\n\t\t\t\t\t<\/div>\n\t\t<\/section>\n\t\t\t\t<section class=\"elementor-section elementor-top-section elementor-element elementor-element-28408c51 elementor-section-full_width elementor-section-height-default elementor-section-height-default\" data-id=\"28408c51\" data-element_type=\"section\" data-settings=\"{&quot;background_background&quot;:&quot;classic&quot;}\">\n\t\t\t\t\t\t<div class=\"elementor-container elementor-column-gap-default\">\n\t\t\t\t\t<div class=\"elementor-column elementor-col-50 elementor-top-column elementor-element elementor-element-6b53011a\" data-id=\"6b53011a\" data-element_type=\"column\" data-settings=\"{&quot;background_background&quot;:&quot;classic&quot;}\">\n\t\t\t<div class=\"elementor-widget-wrap\">\n\t\t\t\t\t\t\t<\/div>\n\t\t<\/div>\n\t\t\t\t<div class=\"elementor-column elementor-col-50 elementor-top-column elementor-element elementor-element-530b9c01\" data-id=\"530b9c01\" data-element_type=\"column\">\n\t\t\t<div class=\"elementor-widget-wrap elementor-element-populated\">\n\t\t\t\t\t\t<div class=\"elementor-element elementor-element-090cdbc estimates_h2 elementor-widget__width-inherit elementor-widget elementor-widget-heading\" data-id=\"090cdbc\" data-element_type=\"widget\" data-widget_type=\"heading.default\">\n\t\t\t\t<div class=\"elementor-widget-container\">\n\t\t\t\t\t<h2 class=\"elementor-heading-title elementor-size-default\">Somos plurales, inclusivos y comprometidos con la equidad<\/h2>\t\t\t\t<\/div>\n\t\t\t\t<\/div>\n\t\t\t\t<div class=\"elementor-element elementor-element-dfb9018 elementor-widget-divider--view-line elementor-widget elementor-widget-divider\" data-id=\"dfb9018\" data-element_type=\"widget\" data-widget_type=\"divider.default\">\n\t\t\t\t<div class=\"elementor-widget-container\">\n\t\t\t\t\t\t\t<div class=\"elementor-divider\">\n\t\t\t<span class=\"elementor-divider-separator\">\n\t\t\t\t\t\t<\/span>\n\t\t<\/div>\n\t\t\t\t\t\t<\/div>\n\t\t\t\t<\/div>\n\t\t\t\t<div class=\"elementor-element elementor-element-cabf423 elementor-widget__width-initial elementor-widget elementor-widget-text-editor\" data-id=\"cabf423\" data-element_type=\"widget\" data-widget_type=\"text-editor.default\">\n\t\t\t\t<div class=\"elementor-widget-container\">\n\t\t\t\t\t\t\t\t\t<p><b>Latinoam\u00e9rica21<\/b><span style=\"font-weight: 400;\"> es tambi\u00e9n un espacio donde convergen voces diversas, provenientes de distintos pa\u00edses, trayectorias y disciplinas. Apostamos por una comunicaci\u00f3n inclusiva que refleje la riqueza social y cultural de nuestra regi\u00f3n, promoviendo la <\/span><b>equidad de g\u00e9nero<\/b><span style=\"font-weight: 400;\"> y la <\/span><b>participaci\u00f3n de grupos subrepresentados<\/b><span style=\"font-weight: 400;\">.<\/span><\/p><p><b>Al apoyar nuestro trabajo, est\u00e1s contribuyendo a una narrativa m\u00e1s justa y representativa de Am\u00e9rica Latina.<\/b><\/p>\t\t\t\t\t\t\t\t<\/div>\n\t\t\t\t<\/div>\n\t\t\t\t<div class=\"elementor-element elementor-element-edf3997 elementor-widget__width-inherit elementor-align-center elementor-mobile-align-justify elementor-widget-mobile__width-inherit elementor-widget elementor-widget-button\" data-id=\"edf3997\" data-element_type=\"widget\" data-settings=\"{&quot;_animation&quot;:&quot;none&quot;}\" data-widget_type=\"button.default\">\n\t\t\t\t<div class=\"elementor-widget-container\">\n\t\t\t\t\t\t\t\t\t<div class=\"elementor-button-wrapper\">\n\t\t\t\t\t<a class=\"elementor-button elementor-button-link elementor-size-sm\" href=\"\/?page_id=226\">\n\t\t\t\t\t\t<span class=\"elementor-button-content-wrapper\">\n\t\t\t\t\t\t\t\t\t<span class=\"elementor-button-text\">Dona y apoya el conocimiento libre<\/span>\n\t\t\t\t\t<\/span>\n\t\t\t\t\t<\/a>\n\t\t\t\t<\/div>\n\t\t\t\t\t\t\t\t<\/div>\n\t\t\t\t<\/div>\n\t\t\t\t\t<\/div>\n\t\t<\/div>\n\t\t\t\t\t<\/div>\n\t\t<\/section>\n\t\t\t\t<\/div>\n\t\t","protected":false},"excerpt":{"rendered":"<p>Elige cu\u00e1nto quieres donar Donaci\u00f3n puntual: (\u00danica vez) 5\u20ac 10\u20ac 25\u20ac Donaci\u00f3n mensual: (Una vez al mes) 5\u20ac 10\u20ac 25\u20ac Ay\u00fadanos a construir una sociedad mejor informada Tu contribuci\u00f3n, incluso si es peque\u00f1a, tiene un gran impacto. Nos ayudar\u00e1 a producir m\u00e1s contenido de calidad, a llegar a m\u00e1s lectores y a seguir difundiendo an\u00e1lisis [&hellip;]<\/p>\n","protected":false},"author":1,"featured_media":86,"parent":0,"menu_order":0,"comment_status":"closed","ping_status":"closed","template":"","meta":{"footnotes":""},"class_list":["post-220","page","type-page","status-publish","has-post-thumbnail","hentry"],"_links":{"self":[{"href":"https:\/\/dona.latinoamerica21.com\/index.php?rest_route=\/wp\/v2\/pages\/220","targetHints":{"allow":["GET"]}}],"collection":[{"href":"https:\/\/dona.latinoamerica21.com\/index.php?rest_route=\/wp\/v2\/pages"}],"about":[{"href":"https:\/\/dona.latinoamerica21.com\/index.php?rest_route=\/wp\/v2\/types\/page"}],"author":[{"embeddable":true,"href":"https:\/\/dona.latinoamerica21.com\/index.php?rest_route=\/wp\/v2\/users\/1"}],"replies":[{"embeddable":true,"href":"https:\/\/dona.latinoamerica21.com\/index.php?rest_route=%2Fwp%2Fv2%2Fcomments&post=220"}],"version-history":[{"count":55,"href":"https:\/\/dona.latinoamerica21.com\/index.php?rest_route=\/wp\/v2\/pages\/220\/revisions"}],"predecessor-version":[{"id":546,"href":"https:\/\/dona.latinoamerica21.com\/index.php?rest_route=\/wp\/v2\/pages\/220\/revisions\/546"}],"wp:featuredmedia":[{"embeddable":true,"href":"https:\/\/dona.latinoamerica21.com\/index.php?rest_route=\/wp\/v2\/media\/86"}],"wp:attachment":[{"href":"https:\/\/dona.latinoamerica21.com\/index.php?rest_route=%2Fwp%2Fv2%2Fmedia&parent=220"}],"curies":[{"name":"wp","href":"https:\/\/api.w.org\/{rel}","templated":true}]}}